{"id":44,"date":"2018-03-02T10:03:28","date_gmt":"2018-03-02T10:03:28","guid":{"rendered":"http:\/\/bridge173.qodeinteractive.com\/?page_id=44"},"modified":"2020-05-27T18:54:52","modified_gmt":"2020-05-27T18:54:52","slug":"servicos","status":"publish","type":"page","link":"http:\/\/andressarangel.com\/arquitetura\/servicos\/","title":{"rendered":"Servi\u00e7os"},"content":{"rendered":"\t\t<div data-elementor-type=\"wp-page\" data-elementor-id=\"44\" class=\"elementor elementor-44\">\n\t\t\t\t\t\t<section class=\"elementor-section elementor-top-section elementor-element elementor-element-30aeb53e elementor-section-boxed elementor-section-height-default elementor-section-height-default parallax_section_no qode_elementor_container_no\" data-id=\"30aeb53e\" data-element_type=\"section\">\n\t\t\t\t\t\t<div class=\"elementor-container elementor-column-gap-default\">\n\t\t\t\t\t<div class=\"elementor-column elementor-col-100 elementor-top-column elementor-element elementor-element-55d09b85\" data-id=\"55d09b85\" data-element_type=\"column\">\n\t\t\t<div class=\"elementor-widget-wrap elementor-element-populated\">\n\t\t\t\t\t\t\t<\/div>\n\t\t<\/div>\n\t\t\t\t\t<\/div>\n\t\t<\/section>\n\t\t\t\t<section class=\"elementor-section elementor-top-section elementor-element elementor-element-0a579db elementor-section-boxed elementor-section-height-default elementor-section-height-default parallax_section_no qode_elementor_container_no\" data-id=\"0a579db\" data-element_type=\"section\">\n\t\t\t\t\t\t<div class=\"elementor-container elementor-column-gap-default\">\n\t\t\t\t\t<div class=\"elementor-column elementor-col-100 elementor-top-column elementor-element elementor-element-5f99cba\" data-id=\"5f99cba\" data-element_type=\"column\">\n\t\t\t<div class=\"elementor-widget-wrap elementor-element-populated\">\n\t\t\t\t\t\t<div class=\"elementor-element elementor-element-6e35807 elementor-widget elementor-widget-spacer\" data-id=\"6e35807\" data-element_type=\"widget\" data-widget_type=\"spacer.default\">\n\t\t\t\t<div class=\"elementor-widget-container\">\n\t\t\t\t\t\t\t<div class=\"elementor-spacer\">\n\t\t\t<div class=\"elementor-spacer-inner\"><\/div>\n\t\t<\/div>\n\t\t\t\t\t\t<\/div>\n\t\t\t\t<\/div>\n\t\t\t\t\t<\/div>\n\t\t<\/div>\n\t\t\t\t\t<\/div>\n\t\t<\/section>\n\t\t\t\t<section class=\"elementor-section elementor-top-section elementor-element elementor-element-5a60276 elementor-section-boxed elementor-section-height-default elementor-section-height-default parallax_section_no qode_elementor_container_no\" data-id=\"5a60276\" data-element_type=\"section\">\n\t\t\t\t\t\t<div class=\"elementor-container elementor-column-gap-default\">\n\t\t\t\t\t<div class=\"elementor-column elementor-col-100 elementor-top-column elementor-element elementor-element-7b44ad1\" data-id=\"7b44ad1\" data-element_type=\"column\">\n\t\t\t<div class=\"elementor-widget-wrap elementor-element-populated\">\n\t\t\t\t\t\t<div class=\"elementor-element elementor-element-ffd1c1b elementor-widget elementor-widget-bridge_image_with_text\" data-id=\"ffd1c1b\" data-element_type=\"widget\" data-widget_type=\"bridge_image_with_text.default\">\n\t\t\t\t<div class=\"elementor-widget-container\">\n\t\t\t\t\t<div class=\"image_with_text\"><img decoding=\"async\" itemprop=\"image\" src=\"http:\/\/andressarangel.com\/arquitetura\/wp-content\/uploads\/2020\/05\/servi\u00e7os-02.png\" alt=\"\" \/><h3 ><\/h3><span style=\"margin: 6px 0px;\" class=\"separator transparent\"><\/span><p>Do simples ao mais elaborado, com muito ou com pouco: o importante aqui \u00e9 transformar, trazer algo diferente e criar espa\u00e7os afetivos.\u00a0 Cada projeto tem suas peculiaridades e necessidades essenciais \u00fanicas e s\u00e3o trabalhados de forma espec\u00edfica, que geralmente se enquadram em um desses tipos abaixo (seja ela comercial, residencial ou corporativa).\u00a0<\/p><\/div>\t\t\t\t<\/div>\n\t\t\t\t<\/div>\n\t\t\t\t\t<\/div>\n\t\t<\/div>\n\t\t\t\t\t<\/div>\n\t\t<\/section>\n\t\t\t\t<section class=\"elementor-section elementor-top-section elementor-element elementor-element-ef138ec elementor-section-boxed elementor-section-height-default elementor-section-height-default parallax_section_no qode_elementor_container_no\" data-id=\"ef138ec\" data-element_type=\"section\">\n\t\t\t\t\t\t<div class=\"elementor-container elementor-column-gap-default\">\n\t\t\t\t\t<div class=\"elementor-column elementor-col-100 elementor-top-column elementor-element elementor-element-1a71d2c\" data-id=\"1a71d2c\" data-element_type=\"column\">\n\t\t\t<div class=\"elementor-widget-wrap elementor-element-populated\">\n\t\t\t\t\t\t<div class=\"elementor-element elementor-element-b9e6f29 elementor-widget elementor-widget-bridge_image_with_text\" data-id=\"b9e6f29\" data-element_type=\"widget\" data-widget_type=\"bridge_image_with_text.default\">\n\t\t\t\t<div class=\"elementor-widget-container\">\n\t\t\t\t\t<div class=\"image_with_text\"><img decoding=\"async\" itemprop=\"image\" src=\"http:\/\/andressarangel.com\/arquitetura\/wp-content\/uploads\/2020\/05\/servi\u00e7os-03.png\" alt=\"\" \/><h3 ><\/h3><span style=\"margin: 6px 0px;\" class=\"separator transparent\"><\/span><p>Um projeto do zero ou uma reforma completa onde ser\u00e3o trocados revestimentos, ser\u00e1 proposto novo forro, ilumina\u00e7\u00e3o, pontos el\u00e9tricos e hidr\u00e1ulicos. O ponto principal desse tipo de projeto \u00e9 que a estrutura vai ser toda modificada para desenvolver os novos ambientes a partir dessa transforma\u00e7\u00e3o. Os mobili\u00e1rios fixos e planejados s\u00e3o, na maioria ou na totalidade, novos. Dentro desse tipo de projeto, \u00e9 realizada uma apresenta\u00e7\u00e3o em maquete eletr\u00f4nica e moodboards de refer\u00eancias para tornar mais compreens\u00edvel tudo que est\u00e1 sendo proposto. Tamb\u00e9m faz parte o acompanhamento da obra e a assessoria de compras de revestimentos, ilumina\u00e7\u00e3o, objetos decorativos, mobili\u00e1rio, tintas, cortinas, tapetes, etc.<\/p><p>O tempo de acompanhamento desse tipo de projeto varia de 6 meses a 1 ano, dependendo do porte da obra.<\/p><\/div>\t\t\t\t<\/div>\n\t\t\t\t<\/div>\n\t\t\t\t\t<\/div>\n\t\t<\/div>\n\t\t\t\t\t<\/div>\n\t\t<\/section>\n\t\t\t\t<section class=\"elementor-section elementor-top-section elementor-element elementor-element-94dfafd elementor-section-boxed elementor-section-height-default elementor-section-height-default parallax_section_no qode_elementor_container_no\" data-id=\"94dfafd\" data-element_type=\"section\">\n\t\t\t\t\t\t<div class=\"elementor-container elementor-column-gap-default\">\n\t\t\t\t\t<div class=\"elementor-column elementor-col-100 elementor-top-column elementor-element elementor-element-938e143\" data-id=\"938e143\" data-element_type=\"column\">\n\t\t\t<div class=\"elementor-widget-wrap elementor-element-populated\">\n\t\t\t\t\t\t<div class=\"elementor-element elementor-element-0d7b3e1 elementor-widget elementor-widget-bridge_image_with_text\" data-id=\"0d7b3e1\" data-element_type=\"widget\" data-widget_type=\"bridge_image_with_text.default\">\n\t\t\t\t<div class=\"elementor-widget-container\">\n\t\t\t\t\t<div class=\"image_with_text\"><img decoding=\"async\" itemprop=\"image\" src=\"http:\/\/andressarangel.com\/arquitetura\/wp-content\/uploads\/2020\/05\/servi\u00e7os-04.png\" alt=\"\" \/><h3 ><\/h3><span style=\"margin: 6px 0px;\" class=\"separator transparent\"><\/span><p>\u00c9 um projeto intermedi\u00e1rio, sem uma reforma completa, mas com interven\u00e7\u00f5es pontuais na estrutura existente que ser\u00e1 aproveitada, de ilumina\u00e7\u00e3o, el\u00e9trica, forro, algum detalhe de revestimento. O mobili\u00e1rio existente se integra com novas aquisi\u00e7\u00f5es, e ser\u00e1 desenhado \/ pesquisado para atender as necessidades funcionais da transforma\u00e7\u00e3o dos ambientes. A apresenta\u00e7\u00e3o tamb\u00e9m \u00e9 feita atrav\u00e9s de maquete eletr\u00f4nica, moodboards de refer\u00eancias e tamb\u00e9m faz parte o acompanhamento da obra e a assessoria de compras de revestimentos, ilumina\u00e7\u00e3o, objetos decorativos, mobili\u00e1rio, tintas, cortinas, tapetes, etc.<\/p><p>O tempo de acompanhamento desse tipo de projeto \u00e9 de at\u00e9 5 meses ap\u00f3s in\u00edcio do projeto.<\/p><\/div>\t\t\t\t<\/div>\n\t\t\t\t<\/div>\n\t\t\t\t\t<\/div>\n\t\t<\/div>\n\t\t\t\t\t<\/div>\n\t\t<\/section>\n\t\t\t\t<section class=\"elementor-section elementor-top-section elementor-element elementor-element-3bfd86a elementor-section-boxed elementor-section-height-default elementor-section-height-default parallax_section_no qode_elementor_container_no\" data-id=\"3bfd86a\" data-element_type=\"section\">\n\t\t\t\t\t\t<div class=\"elementor-container elementor-column-gap-default\">\n\t\t\t\t\t<div class=\"elementor-column elementor-col-100 elementor-top-column elementor-element elementor-element-070cfeb\" data-id=\"070cfeb\" data-element_type=\"column\">\n\t\t\t<div class=\"elementor-widget-wrap elementor-element-populated\">\n\t\t\t\t\t\t<div class=\"elementor-element elementor-element-35b2661 elementor-widget elementor-widget-bridge_image_with_text\" data-id=\"35b2661\" data-element_type=\"widget\" data-widget_type=\"bridge_image_with_text.default\">\n\t\t\t\t<div class=\"elementor-widget-container\">\n\t\t\t\t\t<div class=\"image_with_text\"><img decoding=\"async\" itemprop=\"image\" src=\"http:\/\/andressarangel.com\/arquitetura\/wp-content\/uploads\/2020\/05\/servi\u00e7os-05.png\" alt=\"\" \/><h3 ><\/h3><span style=\"margin: 6px 0px;\" class=\"separator transparent\"><\/span><p>Pra quem quer e precisa transformar um espa\u00e7o, sem reforma, aproveitando a estrutura existente e sem grandes investimentos. O mobili\u00e1rio existente \u00e9 aproveitado (pode haver alguns complementos novos), assim como a estrutura \u00e9 preservada, recebendo interven\u00e7\u00f5es pequenas, como pintura, troca de lumin\u00e1rias. O layout pode ser desenvolvido todo novo, ajustado \u00e0s novas necessidades, por\u00e9m sem nenhuma transforma\u00e7\u00e3o estrutural que necessite de quebra-quebra.<\/p><p>A apresenta\u00e7\u00e3o \u00e9 feita por maquete eletr\u00f4nica mais b\u00e1sica, moodboards de refer\u00eancias e tamb\u00e9m contempla assessoria de compras e de visitas, num tempo e quantidades mais reduzidos, dentro do per\u00edodo de at\u00e9 3 meses, ap\u00f3s in\u00edcio do projeto.<\/p><\/div>\t\t\t\t<\/div>\n\t\t\t\t<\/div>\n\t\t\t\t\t<\/div>\n\t\t<\/div>\n\t\t\t\t\t<\/div>\n\t\t<\/section>\n\t\t\t\t<section class=\"elementor-section elementor-top-section elementor-element elementor-element-8b3e1f1 elementor-section-boxed elementor-section-height-default elementor-section-height-default parallax_section_no qode_elementor_container_no\" data-id=\"8b3e1f1\" data-element_type=\"section\">\n\t\t\t\t\t\t<div class=\"elementor-container elementor-column-gap-default\">\n\t\t\t\t\t<div class=\"elementor-column elementor-col-100 elementor-top-column elementor-element elementor-element-c26cc58\" data-id=\"c26cc58\" data-element_type=\"column\">\n\t\t\t<div class=\"elementor-widget-wrap elementor-element-populated\">\n\t\t\t\t\t\t<div class=\"elementor-element elementor-element-ee55a74 elementor-widget elementor-widget-bridge_image_with_text\" data-id=\"ee55a74\" data-element_type=\"widget\" data-widget_type=\"bridge_image_with_text.default\">\n\t\t\t\t<div class=\"elementor-widget-container\">\n\t\t\t\t\t<div class=\"image_with_text\"><img decoding=\"async\" itemprop=\"image\" src=\"http:\/\/andressarangel.com\/arquitetura\/wp-content\/uploads\/2020\/05\/servi\u00e7os-06.png\" alt=\"\" \/><h3 ><\/h3><span style=\"margin: 6px 0px;\" class=\"separator transparent\"><\/span><p>Sem reforma, aproveitando tudo que se tem e complementando com um ou outro elemento para trazer uma nova energia para o espa\u00e7o. \u00c9 tipo uma consultoria de decora\u00e7\u00e3o, onde entrego um caderno de sugest\u00f5es de produtos, cores e elementos, para que o cliente possa providenciar e realizar num per\u00edodo de tempo mais r\u00e1pido. N\u00e3o tem os elementos de um projeto comum (como plantas e maquete eletr\u00f4nica, apenas a planta de layout) e pode haver esquemas fotogr\u00e1ficos, de acordo com a necessidade da mudan\u00e7a solicitada. N\u00e3o tem acompanhamento de obra nem de assessoria de compras.<\/p><p>\u00c9 uma op\u00e7\u00e3o bem vi\u00e1vel para ser feito \u00e0 dist\u00e2ncia e o prazo de desenvolvimento e acompanhamento do projeto \u00e9 de at\u00e9 1 m\u00eas e meio.<\/p><\/div>\t\t\t\t<\/div>\n\t\t\t\t<\/div>\n\t\t\t\t\t<\/div>\n\t\t<\/div>\n\t\t\t\t\t<\/div>\n\t\t<\/section>\n\t\t\t\t<section class=\"elementor-section elementor-top-section elementor-element elementor-element-454e429 elementor-section-boxed elementor-section-height-default elementor-section-height-default parallax_section_no qode_elementor_container_no\" data-id=\"454e429\" data-element_type=\"section\">\n\t\t\t\t\t\t<div class=\"elementor-container elementor-column-gap-default\">\n\t\t\t\t\t<div class=\"elementor-column elementor-col-100 elementor-top-column elementor-element elementor-element-0dee63c\" data-id=\"0dee63c\" data-element_type=\"column\">\n\t\t\t<div class=\"elementor-widget-wrap elementor-element-populated\">\n\t\t\t\t\t\t<div class=\"elementor-element elementor-element-5b99862 elementor-widget elementor-widget-bridge_image_with_text\" data-id=\"5b99862\" data-element_type=\"widget\" data-widget_type=\"bridge_image_with_text.default\">\n\t\t\t\t<div class=\"elementor-widget-container\">\n\t\t\t\t\t<div class=\"image_with_text\"><img decoding=\"async\" itemprop=\"image\" src=\"http:\/\/andressarangel.com\/arquitetura\/wp-content\/uploads\/2020\/05\/servi\u00e7os-07.png\" alt=\"\" \/><h3 ><\/h3><span style=\"margin: 6px 0px;\" class=\"separator transparent\"><\/span><p style=\"text-align: center;\">Bora conversar, pra ver qual tipo \u00e9 o ideal pro seu espa\u00e7o?\u00a0<\/p><\/div>\t\t\t\t<\/div>\n\t\t\t\t<\/div>\n\t\t\t\t\t<\/div>\n\t\t<\/div>\n\t\t\t\t\t<\/div>\n\t\t<\/section>\n\t\t\t\t<section class=\"elementor-section elementor-top-section elementor-element elementor-element-6d883c6 elementor-section-boxed elementor-section-height-default elementor-section-height-default parallax_section_no qode_elementor_container_no\" data-id=\"6d883c6\" data-element_type=\"section\">\n\t\t\t\t\t\t<div class=\"elementor-container elementor-column-gap-default\">\n\t\t\t\t\t<div class=\"elementor-column elementor-col-100 elementor-top-column elementor-element elementor-element-a52f1c8\" data-id=\"a52f1c8\" data-element_type=\"column\">\n\t\t\t<div class=\"elementor-widget-wrap elementor-element-populated\">\n\t\t\t\t\t\t<div class=\"elementor-element elementor-element-6a5e2b4 elementor-widget elementor-widget-spacer\" data-id=\"6a5e2b4\" data-element_type=\"widget\" data-widget_type=\"spacer.default\">\n\t\t\t\t<div class=\"elementor-widget-container\">\n\t\t\t\t\t\t\t<div class=\"elementor-spacer\">\n\t\t\t<div class=\"elementor-spacer-inner\"><\/div>\n\t\t<\/div>\n\t\t\t\t\t\t<\/div>\n\t\t\t\t<\/div>\n\t\t\t\t\t<\/div>\n\t\t<\/div>\n\t\t\t\t\t<\/div>\n\t\t<\/section>\n\t\t\t\t<section class=\"elementor-section elementor-top-section elementor-element elementor-element-4ad439e elementor-section-boxed elementor-section-height-default elementor-section-height-default parallax_section_no qode_elementor_container_no\" data-id=\"4ad439e\" data-element_type=\"section\">\n\t\t\t\t\t\t<div class=\"elementor-container elementor-column-gap-default\">\n\t\t\t\t\t<div class=\"elementor-column elementor-col-100 elementor-top-column elementor-element elementor-element-470517b\" data-id=\"470517b\" data-element_type=\"column\">\n\t\t\t<div class=\"elementor-widget-wrap elementor-element-populated\">\n\t\t\t\t\t\t<div class=\"elementor-element elementor-element-17104e3 elementor-widget elementor-widget-spacer\" data-id=\"17104e3\" data-element_type=\"widget\" data-widget_type=\"spacer.default\">\n\t\t\t\t<div class=\"elementor-widget-container\">\n\t\t\t\t\t\t\t<div class=\"elementor-spacer\">\n\t\t\t<div class=\"elementor-spacer-inner\"><\/div>\n\t\t<\/div>\n\t\t\t\t\t\t<\/div>\n\t\t\t\t<\/div>\n\t\t\t\t\t<\/div>\n\t\t<\/div>\n\t\t\t\t\t<\/div>\n\t\t<\/section>\n\t\t\t\t<section class=\"elementor-section elementor-top-section elementor-element elementor-element-4a01d6a elementor-section-boxed elementor-section-height-default elementor-section-height-default parallax_section_no qode_elementor_container_no\" data-id=\"4a01d6a\" data-element_type=\"section\">\n\t\t\t\t\t\t<div class=\"elementor-container elementor-column-gap-default\">\n\t\t\t\t\t<div class=\"elementor-column elementor-col-100 elementor-top-column elementor-element elementor-element-43bfb8e\" data-id=\"43bfb8e\" data-element_type=\"column\">\n\t\t\t<div class=\"elementor-widget-wrap elementor-element-populated\">\n\t\t\t\t\t\t<div class=\"elementor-element elementor-element-2258705 elementor-widget elementor-widget-bridge_testimonials\" data-id=\"2258705\" data-element_type=\"widget\" data-widget_type=\"bridge_testimonials.default\">\n\t\t\t\t<div class=\"elementor-widget-container\">\n\t\t\t\t\t<div class='testimonials_holder clearfix dark'><div class=\"testimonials testimonials_carousel\" data-show-navigation=\"yes\" data-animation-type=\"fade\" data-animation-speed=\"\" data-auto-rotate-slides=\"3\" data-number-per-slide=\"1\"><ul class=\"slides\"><li id=\"testimonials450\" class=\"testimonial_content\"><div class=\"testimonial_content_inner\"><div class=\"testimonial_text_holder\"><div class=\"testimonial_text_inner\" style=\"color: #9B9B9B;\"><p style='font-size:15px;color:#9B9B9B;'>\"Dedica\u00e7\u00e3o, aten\u00e7\u00e3o e compet\u00eancia s\u00e3o os principais pilares do trabalho desta arquiteta. N\u00e3o \u00e9 a primeira vez que realizo um trabalho com ela, inicialmente fiz um projeto de cozinha e seu trabalho me encantou tanto que resolvi extender para toda a casa.  Uma das qualidades que a distingue dos demais arquitetos \u00e9 seu conhecimento e experi\u00eancia em obras, o que pessoalmente foi uma excelente surpresa.  Enfim, al\u00e9m de prestadora de servi\u00e7o ela uma grande amiga. Indico-a de olhos fechados para qualquer pessoa.\"<\/p><p class=\"testimonial_author\" style=\"color: #9B9B9B;\">Raquel<\/p><\/div><\/div><\/div><\/li><li id=\"testimonials449\" class=\"testimonial_content\"><div class=\"testimonial_content_inner\"><div class=\"testimonial_text_holder\"><div class=\"testimonial_text_inner\" style=\"color: #9B9B9B;\"><p style='font-size:15px;color:#9B9B9B;'>\"Muito satisfeita com os projetos apresentados por Andressa como otimiza\u00e7\u00e3o de espa\u00e7o, projeto de ilumina\u00e7\u00e3o encantador, modernidade e praticidade!!\"<\/p><p class=\"testimonial_author\" style=\"color: #9B9B9B;\">Val\u00e9ria<\/p><\/div><\/div><\/div><\/li><li id=\"testimonials448\" class=\"testimonial_content\"><div class=\"testimonial_content_inner\"><div class=\"testimonial_text_holder\"><div class=\"testimonial_text_inner\" style=\"color: #9B9B9B;\"><p style='font-size:15px;color:#9B9B9B;'>\"O projeto do nosso apartamento, feito por Andressa, superou nossas expectativas. Quer\u00edamos que nossa casa ficasse  aconchegante, e ela conseguiu, com maestria, criar ambientes com a nossa cara de forma harm\u00f4nica, bonita e funcional. \"<\/p><p class=\"testimonial_author\" style=\"color: #9B9B9B;\">Fl\u00e1via<\/p><\/div><\/div><\/div><\/li><li id=\"testimonials447\" class=\"testimonial_content\"><div class=\"testimonial_content_inner\"><div class=\"testimonial_text_holder\"><div class=\"testimonial_text_inner\" style=\"color: #9B9B9B;\"><p style='font-size:15px;color:#9B9B9B;'>\"Desde que comecei a fazer projetos sempre fiz com voc\u00ea e sempre adorei seu trabalho, bom gosto, organiza\u00e7\u00e3o e simpatia. N\u00e3o pretendo mudar nunca.  \"<\/p><p class=\"testimonial_author\" style=\"color: #9B9B9B;\">Andrea<\/p><\/div><\/div><\/div><\/li><li id=\"testimonials431\" class=\"testimonial_content\"><div class=\"testimonial_content_inner\"><div class=\"testimonial_text_holder\"><div class=\"testimonial_text_inner\" style=\"color: #9B9B9B;\"><p style='font-size:15px;color:#9B9B9B;'>\"Satisfa\u00e7\u00e3o em todas as etapas, desde o processo de assimila\u00e7\u00e3o de nosso desejo, passando pela apresenta\u00e7\u00e3o e execu\u00e7\u00e3o do projeto!! Amo cada cantinho de minha casa!! Top demais!!\"<\/p><p class=\"testimonial_author\" style=\"color: #9B9B9B;\">Fab\u00edola<\/p><\/div><\/div><\/div><\/li><li id=\"testimonials429\" class=\"testimonial_content\"><div class=\"testimonial_content_inner\"><div class=\"testimonial_text_holder\"><div class=\"testimonial_text_inner\" style=\"color: #9B9B9B;\"><p style='font-size:15px;color:#9B9B9B;'>\"Tive um experi\u00eancia maravilhosa com Andressa. Super atenciosa, teve um cuidado e sensibilidade para captar exatamente o que quer\u00edamos, tem uma apresenta\u00e7\u00e3o excelente, deu todo suporte durante a obra e sempre esteve \u00e0 disposi\u00e7\u00e3o para resolver qualquer tipo de pend\u00eancia. Poderia ficar aqui elogiando por v\u00e1rias linhas porque Andressa \u00e9 uma pessoa maravilhosa, sens\u00edvel e sempre em busca do melhor para o cliente. \"<\/p><p class=\"testimonial_author\" style=\"color: #9B9B9B;\">Candice S.<\/p><\/div><\/div><\/div><\/li><\/ul><\/div><\/div>\t\t\t\t<\/div>\n\t\t\t\t<\/div>\n\t\t\t\t\t<\/div>\n\t\t<\/div>\n\t\t\t\t\t<\/div>\n\t\t<\/section>\n\t\t\t\t<\/div>\n\t\t","protected":false},"excerpt":{"rendered":"<p>Do simples ao mais elaborado, com muito ou com pouco: o importante aqui \u00e9 transformar, trazer algo diferente e criar espa\u00e7os afetivos.&nbsp; Cada projeto tem suas peculiaridades e necessidades essenciais \u00fanicas e s\u00e3o trabalhados de forma espec\u00edfica, que geralmente se enquadram em um desses tipos&#8230;<\/p>\n","protected":false},"author":1,"featured_media":0,"parent":0,"menu_order":0,"comment_status":"closed","ping_status":"closed","template":"full_width.php","meta":{"footnotes":""},"class_list":["post-44","page","type-page","status-publish","hentry"],"_links":{"self":[{"href":"http:\/\/andressarangel.com\/arquitetura\/wp-json\/wp\/v2\/pages\/44","targetHints":{"allow":["GET"]}}],"collection":[{"href":"http:\/\/andressarangel.com\/arquitetura\/wp-json\/wp\/v2\/pages"}],"about":[{"href":"http:\/\/andressarangel.com\/arquitetura\/wp-json\/wp\/v2\/types\/page"}],"author":[{"embeddable":true,"href":"http:\/\/andressarangel.com\/arquitetura\/wp-json\/wp\/v2\/users\/1"}],"replies":[{"embeddable":true,"href":"http:\/\/andressarangel.com\/arquitetura\/wp-json\/wp\/v2\/comments?post=44"}],"version-history":[{"count":26,"href":"http:\/\/andressarangel.com\/arquitetura\/wp-json\/wp\/v2\/pages\/44\/revisions"}],"predecessor-version":[{"id":465,"href":"http:\/\/andressarangel.com\/arquitetura\/wp-json\/wp\/v2\/pages\/44\/revisions\/465"}],"wp:attachment":[{"href":"http:\/\/andressarangel.com\/arquitetura\/wp-json\/wp\/v2\/media?parent=44"}],"curies":[{"name":"wp","href":"https:\/\/api.w.org\/{rel}","templated":true}]}}